{"id":85,"date":"2018-03-15T10:05:38","date_gmt":"2018-03-15T10:05:38","guid":{"rendered":"http:\/\/localhost\/company-project\/goto\/?page_id=85"},"modified":"2022-08-15T12:05:03","modified_gmt":"2022-08-15T12:05:03","slug":"about","status":"publish","type":"page","link":"https:\/\/www.maroccointour.com\/es\/about\/","title":{"rendered":"Acerca de"},"content":{"rendered":"<div data-elementor-type=\"wp-post\" data-elementor-id=\"85\" class=\"elementor elementor-85\" data-elementor-post-type=\"page\">\n\t\t\t\t\t\t<section class=\"elementor-section elementor-top-section elementor-element elementor-element-4efb6a6 elementor-section-boxed elementor-section-height-default elementor-section-height-default\" data-id=\"4efb6a6\" data-element_type=\"section\">\n\t\t\t\t\t\t<div class=\"elementor-container elementor-column-gap-default\">\n\t\t\t\t\t<div class=\"elementor-column elementor-col-100 elementor-top-column elementor-element elementor-element-1b70a1a\" data-id=\"1b70a1a\" data-element_type=\"column\">\n\t\t\t<div class=\"elementor-widget-wrap elementor-element-populated\">\n\t\t\t\t\t\t<div class=\"elementor-element elementor-element-550680e elementor-widget elementor-widget-spacer\" data-id=\"550680e\" data-element_type=\"widget\" data-widget_type=\"spacer.default\">\n\t\t\t\t<div class=\"elementor-widget-container\">\n\t\t\t\t\t\t\t<div class=\"elementor-spacer\">\n\t\t\t<div class=\"elementor-spacer-inner\"><\/div>\n\t\t<\/div>\n\t\t\t\t\t\t<\/div>\n\t\t\t\t<\/div>\n\t\t\t\t\t<\/div>\n\t\t<\/div>\n\t\t\t\t\t<\/div>\n\t\t<\/section>\n\t\t\t\t<section class=\"elementor-section elementor-top-section elementor-element elementor-element-efce95c elementor-section-boxed elementor-section-height-default elementor-section-height-default\" data-id=\"efce95c\" data-element_type=\"section\">\n\t\t\t\t\t\t<div class=\"elementor-container elementor-column-gap-default\">\n\t\t\t\t\t<div class=\"elementor-column elementor-col-100 elementor-top-column elementor-element elementor-element-e3d2e4c\" data-id=\"e3d2e4c\" data-element_type=\"column\">\n\t\t\t<div class=\"elementor-widget-wrap elementor-element-populated\">\n\t\t\t\t\t\t<div class=\"elementor-element elementor-element-3989127 elementor-widget elementor-widget-heading\" data-id=\"3989127\" data-element_type=\"widget\" data-widget_type=\"heading.default\">\n\t\t\t\t<div class=\"elementor-widget-container\">\n\t\t\t\t\t<h3 class=\"elementor-heading-title elementor-size-default\">Marocco in tour | agencia de viajes en marruecos\n<\/h3>\t\t\t\t<\/div>\n\t\t\t\t<\/div>\n\t\t\t\t<div class=\"elementor-element elementor-element-5a477f5 elementor-widget elementor-widget-text-editor\" data-id=\"5a477f5\" data-element_type=\"widget\" data-widget_type=\"text-editor.default\">\n\t\t\t\t<div class=\"elementor-widget-container\">\n\t\t\t\t\t\t\t\t\t<p style=\"font-weight: 400;\"><b>Marocco\u00a0In\u00a0Tour<\/b>\" es el operador tur\u00edstico con sede en Marrakech, especializado en excursiones por el desierto marroqu\u00ed (con salidas desde Marrakech, Fez,Agadir, Rabat Casablanca y T\u00e1nger), las ciudades imperiales y las rutas antiguas que han animado Marruecos durante siglos, como la ruta de las mil y una Kasbahs (antiguos castillos que albergan familias locales).<\/p><p style=\"font-weight: 400;\">\u00a0<\/p><p style=\"font-weight: 400;\">Durante su viaje, podemos organizar diversas actividades deportivas (escalada, trekking, senderismo y sand-board), excursiones de medio d\u00eda y visitas guiadas a ciudades de inter\u00e9s hist\u00f3rico y cultural como Marrakech, Fes,Meknes ,Rabat , Casablanca y la famosa ciudad azul, Chefchaouen.\u00a0<\/p><p style=\"font-weight: 400;\">La joya de la corona es la posibilidad de alojarse en medio del S\u00e1hara en c\u00f3modas tiendas de campa\u00f1a, equipadas con todas las comodidades, a las que se llega montando en los majestuosos dromedarios, s\u00edmbolo del desierto.\u00a0<\/p><p style=\"font-weight: 400;\">\u00a0<\/p><p style=\"font-weight: 400;\">Tambi\u00e9n podemos ofrecer visitas privadas adaptadas a las necesidades y gustos del cliente.<\/p><p style=\"font-weight: 400;\">Durante todo el viaje le acompa\u00f1ar\u00e1n gu\u00edas y conductores nativos marroqu\u00edes; con sus d\u00e9cadas de experiencia y su profundo conocimiento de varios idiomas (\u00e1rabe, bereber, italiano, ingl\u00e9s, espa\u00f1ol y franc\u00e9s) le guiar\u00e1n por la cultura, las tradiciones locales, la gastronom\u00eda, las ciudades y el majestuoso desierto del Sahara.\u00a0<\/p><p style=\"font-weight: 400;\">\u00a0<\/p><p style=\"font-weight: 400;\">Como si se tratara de un traje a medida, puede personalizar su viaje en todos los aspectos: el horario, los lugares a visitar, la duraci\u00f3n de las etapas y el punto de partida y llegada; de este modo, podr\u00e1 tomarse todo el tiempo que desee para absorber la cultura local.<\/p><p style=\"font-weight: 400;\">Adem\u00e1s, puede decidir qu\u00e9 categor\u00edas de hoteles y qu\u00e9 servicios incluir en el paquete.<\/p><p style=\"font-weight: 400;\">No dude en ponerse en contacto con nosotros con todos los detalles de sus deseos y peticiones, para que podamos elegir el mejor vestido para usted.<\/p><p style=\"font-weight: 400;\">\u00a0<\/p><p style=\"font-weight: 400;\"><b>Mustapha El Amraoui<\/b>\u00a0es descendiente de la poblaci\u00f3n bereber originaria de Merzouga, la ciudad a las puertas del desierto del Sahara marroqu\u00ed.<\/p><p style=\"font-weight: 400;\">Con su pasi\u00f3n, sentido del humor y profundos conocimientos, le sumergir\u00e1 en el verdadero esp\u00edritu de Marruecos.<\/p><p style=\"font-weight: 400;\">Mustapha, tras adquirir una s\u00f3lida experiencia en la organizaci\u00f3n de viajes para agencias desde 2007, decidi\u00f3 crear su propio negocio en 2012.\u00a0<\/p><p style=\"font-weight: 400;\">La pasi\u00f3n de Mustapha, su conocimiento del turismo y su capacidad de comunicaci\u00f3n son el secreto del \u00e9xito de \"Marocco In Tour\" para ofrecer una experiencia excelente a todos aquellos viajeros que quieran descubrir la verdadera esencia de Marruecos.<\/p>\t\t\t\t\t\t\t\t<\/div>\n\t\t\t\t<\/div>\n\t\t\t\t\t<\/div>\n\t\t<\/div>\n\t\t\t\t\t<\/div>\n\t\t<\/section>\n\t\t\t\t<section class=\"elementor-section elementor-top-section elementor-element elementor-element-0af7efc elementor-section-boxed elementor-section-height-default elementor-section-height-default\" data-id=\"0af7efc\" data-element_type=\"section\">\n\t\t\t\t\t\t<div class=\"elementor-container elementor-column-gap-default\">\n\t\t\t\t\t<div class=\"elementor-column elementor-col-100 elementor-top-column elementor-element elementor-element-c769c39\" data-id=\"c769c39\" data-element_type=\"column\">\n\t\t\t<div class=\"elementor-widget-wrap elementor-element-populated\">\n\t\t\t\t\t\t<div class=\"elementor-element elementor-element-7dadcde elementor-widget elementor-widget-text-editor\" data-id=\"7dadcde\" data-element_type=\"widget\" data-widget_type=\"text-editor.default\">\n\t\t\t\t<div class=\"elementor-widget-container\">\n\t\t\t\t\t\t\t\t\t<h1><span class=\"il\">Marocco<\/span>\u00a0in\u00a0<span class=\"il\">Tour<\/span> Actividad.<\/h1><ul><li style=\"font-weight: 400;\">caminos m\u00e1gicos<\/li><li style=\"font-weight: 400;\">yoga en el desierto<\/li><li style=\"font-weight: 400;\">\"Viaje de Semana Santa\" a Marruecos<\/li><li style=\"font-weight: 400;\">Viajes VIP en Marruecos<\/li><li style=\"font-weight: 400;\">Luna de miel en Marruecos<\/li><li style=\"font-weight: 400;\">Viajes de fin de a\u00f1o a Marruecos<\/li><li style=\"font-weight: 400;\">organizaciones de bodas en estilo bereber<\/li><li style=\"font-weight: 400;\">Viajes al desierto de Marruecos<\/li><li style=\"font-weight: 400;\">Recorrido por el desierto de Marruecos<\/li><li style=\"font-weight: 400;\">Visitas a la ciudad imperial<\/li><li style=\"font-weight: 400;\">Excursiones\/excursiones de un d\u00eda en Marruecos<\/li><li style=\"font-weight: 400;\">Actividades Recorrido por el desierto del Sahara<\/li><li style=\"font-weight: 400;\">Excursiones desde Marrakech<\/li><li style=\"font-weight: 400;\">Excursiones desde Fez<\/li><li style=\"font-weight: 400;\">Excursiones desde Casablanca<\/li><li style=\"font-weight: 400;\">Excursiones desde Agadir<\/li><li style=\"font-weight: 400;\">Excursiones desde T\u00e1nger<\/li><li style=\"font-weight: 400;\">Excursi\u00f3n desde Rabat .<\/li><\/ul>\t\t\t\t\t\t\t\t<\/div>\n\t\t\t\t<\/div>\n\t\t\t\t<div class=\"elementor-element elementor-element-ac62739 elementor--h-position-center elementor--v-position-middle elementor-arrows-position-inside elementor-pagination-position-inside elementor-widget elementor-widget-slides\" data-id=\"ac62739\" data-element_type=\"widget\" data-settings=\"{&quot;navigation&quot;:&quot;both&quot;,&quot;autoplay&quot;:&quot;yes&quot;,&quot;pause_on_hover&quot;:&quot;yes&quot;,&quot;pause_on_interaction&quot;:&quot;yes&quot;,&quot;autoplay_speed&quot;:5000,&quot;infinite&quot;:&quot;yes&quot;,&quot;transition&quot;:&quot;slide&quot;,&quot;transition_speed&quot;:500}\" data-widget_type=\"slides.default\">\n\t\t\t\t<div class=\"elementor-widget-container\">\n\t\t\t\t\t\t\t\t\t<div class=\"elementor-swiper\">\n\t\t\t\t\t<div class=\"elementor-slides-wrapper elementor-main-swiper swiper\" role=\"region\" aria-roledescription=\"carousel\" aria-label=\"Slides\" dir=\"ltr\" data-animation=\"fadeInRight\" data-no-translation-aria-label=\"\">\n\t\t\t\t<div class=\"swiper-wrapper elementor-slides\">\n\t\t\t\t\t\t\t\t\t\t<div class=\"elementor-repeater-item-8799720 swiper-slide\" role=\"group\" aria-roledescription=\"slide\"><div class=\"swiper-slide-bg\" role=\"img\" aria-label=\"tour in marocco\"><\/div><div class=\"swiper-slide-inner\" ><div class=\"swiper-slide-contents\"><\/div><\/div><\/div><div class=\"elementor-repeater-item-d392733 swiper-slide\" role=\"group\" aria-roledescription=\"slide\"><div class=\"swiper-slide-bg\" role=\"img\" aria-label=\"30\"><\/div><div class=\"swiper-slide-inner\" ><div class=\"swiper-slide-contents\"><\/div><\/div><\/div><div class=\"elementor-repeater-item-2e795aa swiper-slide\" role=\"group\" aria-roledescription=\"slide\"><div class=\"swiper-slide-bg\" role=\"img\" aria-label=\"tour in marocco\"><\/div><div class=\"swiper-slide-inner\" ><div class=\"swiper-slide-contents\"><\/div><\/div><\/div><div class=\"elementor-repeater-item-cc4e718 swiper-slide\" role=\"group\" aria-roledescription=\"slide\"><div class=\"swiper-slide-bg\" role=\"img\" aria-label=\"tour in marocco\"><\/div><div class=\"swiper-slide-inner\" ><div class=\"swiper-slide-contents\"><\/div><\/div><\/div><div class=\"elementor-repeater-item-d8d4364 swiper-slide\" role=\"group\" aria-roledescription=\"slide\"><div class=\"swiper-slide-bg\" role=\"img\" aria-label=\"tour in marocco\"><\/div><div class=\"swiper-slide-inner\" ><div class=\"swiper-slide-contents\"><\/div><\/div><\/div><div class=\"elementor-repeater-item-ebac58b swiper-slide\" role=\"group\" aria-roledescription=\"slide\"><div class=\"swiper-slide-bg\" role=\"img\" aria-label=\"tour in marocco\"><\/div><div class=\"swiper-slide-inner\" ><div class=\"swiper-slide-contents\"><\/div><\/div><\/div><div class=\"elementor-repeater-item-a2b0d0d swiper-slide\" role=\"group\" aria-roledescription=\"slide\"><div class=\"swiper-slide-bg\" role=\"img\" aria-label=\"tour in marocco\"><\/div><div class=\"swiper-slide-inner\" ><div class=\"swiper-slide-contents\"><\/div><\/div><\/div><div class=\"elementor-repeater-item-1218996 swiper-slide\" role=\"group\" aria-roledescription=\"slide\"><div class=\"swiper-slide-bg\" role=\"img\" aria-label=\"tour in marocco\"><\/div><div class=\"swiper-slide-inner\" ><div class=\"swiper-slide-contents\"><\/div><\/div><\/div><div class=\"elementor-repeater-item-51d4476 swiper-slide\" role=\"group\" aria-roledescription=\"slide\"><div class=\"swiper-slide-bg\" role=\"img\" aria-label=\"tour in marocco\"><\/div><div class=\"swiper-slide-inner\" ><div class=\"swiper-slide-contents\"><\/div><\/div><\/div><div class=\"elementor-repeater-item-5cb8325 swiper-slide\" role=\"group\" aria-roledescription=\"slide\"><div class=\"swiper-slide-bg\" role=\"img\" aria-label=\"tour in marocco\"><\/div><div class=\"swiper-slide-inner\" ><div class=\"swiper-slide-contents\"><\/div><\/div><\/div><div class=\"elementor-repeater-item-eda4430 swiper-slide\" role=\"group\" aria-roledescription=\"slide\"><div class=\"swiper-slide-bg\" role=\"img\" aria-label=\"tour in marocco\"><\/div><div class=\"swiper-slide-inner\" ><div class=\"swiper-slide-contents\"><\/div><\/div><\/div><div class=\"elementor-repeater-item-eca5d47 swiper-slide\" role=\"group\" aria-roledescription=\"slide\"><div class=\"swiper-slide-bg\" role=\"img\" aria-label=\"tour in marocco\"><\/div><div class=\"swiper-slide-inner\" ><div class=\"swiper-slide-contents\"><\/div><\/div><\/div><div class=\"elementor-repeater-item-ab2b15d swiper-slide\" role=\"group\" aria-roledescription=\"slide\"><div class=\"swiper-slide-bg\" role=\"img\" aria-label=\"tour in marocco\"><\/div><div class=\"swiper-slide-inner\" ><div class=\"swiper-slide-contents\"><\/div><\/div><\/div><div class=\"elementor-repeater-item-11bedaf swiper-slide\" role=\"group\" aria-roledescription=\"slide\"><div class=\"swiper-slide-bg\" role=\"img\" aria-label=\"tour in marocco\"><\/div><div class=\"swiper-slide-inner\" ><div class=\"swiper-slide-contents\"><\/div><\/div><\/div><div class=\"elementor-repeater-item-a56f3f3 swiper-slide\" role=\"group\" aria-roledescription=\"slide\"><div class=\"swiper-slide-bg\" role=\"img\" aria-label=\"tour in marocco\"><\/div><div class=\"swiper-slide-inner\" ><div class=\"swiper-slide-contents\"><\/div><\/div><\/div><div class=\"elementor-repeater-item-d31c46b swiper-slide\" role=\"group\" aria-roledescription=\"slide\"><div class=\"swiper-slide-bg\" role=\"img\" aria-label=\"tour in marocco\"><\/div><div class=\"swiper-slide-inner\" ><div class=\"swiper-slide-contents\"><\/div><\/div><\/div>\t\t\t\t<\/div>\n\t\t\t\t\t\t\t\t\t\t\t\t\t\t\t<div class=\"elementor-swiper-button elementor-swiper-button-prev\" role=\"button\" tabindex=\"0\" aria-label=\"Previous slide\" data-no-translation-aria-label=\"\">\n\t\t\t\t\t\t\t<i aria-hidden=\"true\" class=\"eicon-chevron-left\"><\/i>\t\t\t\t\t\t<\/div>\n\t\t\t\t\t\t<div class=\"elementor-swiper-button elementor-swiper-button-next\" role=\"button\" tabindex=\"0\" aria-label=\"Next slide\" data-no-translation-aria-label=\"\">\n\t\t\t\t\t\t\t<i aria-hidden=\"true\" class=\"eicon-chevron-right\"><\/i>\t\t\t\t\t\t<\/div>\n\t\t\t\t\t\t\t\t\t\t\t\t\t\t\t\t<div class=\"swiper-pagination\"><\/div>\n\t\t\t\t\t\t\t\t\t\t\t\t<\/div>\n\t\t\t\t<\/div>\n\t\t\t\t\t\t\t\t<\/div>\n\t\t\t\t<\/div>\n\t\t\t\t\t<\/div>\n\t\t<\/div>\n\t\t\t\t\t<\/div>\n\t\t<\/section>\n\t\t\t\t<section class=\"elementor-section elementor-top-section elementor-element elementor-element-5194b02 elementor-section-boxed elementor-section-height-default elementor-section-height-default\" data-id=\"5194b02\" data-element_type=\"section\">\n\t\t\t\t\t\t<div class=\"elementor-container elementor-column-gap-default\">\n\t\t\t\t\t<div class=\"elementor-column elementor-col-100 elementor-top-column elementor-element elementor-element-07bf6fd\" data-id=\"07bf6fd\" data-element_type=\"column\">\n\t\t\t<div class=\"elementor-widget-wrap\">\n\t\t\t\t\t\t\t<\/div>\n\t\t<\/div>\n\t\t\t\t\t<\/div>\n\t\t<\/section>\n\t\t\t\t<\/div>","protected":false},"excerpt":{"rendered":"<p>Morocco In Tour | agencia de viajes en Marruecos Morocco In Tour' es el operador tur\u00edstico con sede en Marrakech, especializado en excursiones al desierto marroqu\u00ed (con salidas desde Marrakech, Fez, Agadir, Rabat Casablanca y T\u00e1nger), a las ciudades imperiales y a las antiguas rutas que animan Marruecos desde hace siglos, como la ruta de las mil y una Kasbahs (antiguos castillos que albergan familias locales). \u00a0<\/p>","protected":false},"author":1,"featured_media":1998,"parent":0,"menu_order":0,"comment_status":"closed","ping_status":"closed","template":"","meta":{"footnotes":""},"class_list":["post-85","page","type-page","status-publish","has-post-thumbnail","hentry"],"_links":{"self":[{"href":"https:\/\/www.maroccointour.com\/es\/wp-json\/wp\/v2\/pages\/85","targetHints":{"allow":["GET"]}}],"collection":[{"href":"https:\/\/www.maroccointour.com\/es\/wp-json\/wp\/v2\/pages"}],"about":[{"href":"https:\/\/www.maroccointour.com\/es\/wp-json\/wp\/v2\/types\/page"}],"author":[{"embeddable":true,"href":"https:\/\/www.maroccointour.com\/es\/wp-json\/wp\/v2\/users\/1"}],"replies":[{"embeddable":true,"href":"https:\/\/www.maroccointour.com\/es\/wp-json\/wp\/v2\/comments?post=85"}],"version-history":[{"count":80,"href":"https:\/\/www.maroccointour.com\/es\/wp-json\/wp\/v2\/pages\/85\/revisions"}],"predecessor-version":[{"id":2409,"href":"https:\/\/www.maroccointour.com\/es\/wp-json\/wp\/v2\/pages\/85\/revisions\/2409"}],"wp:featuredmedia":[{"embeddable":true,"href":"https:\/\/www.maroccointour.com\/es\/wp-json\/wp\/v2\/media\/1998"}],"wp:attachment":[{"href":"https:\/\/www.maroccointour.com\/es\/wp-json\/wp\/v2\/media?parent=85"}],"curies":[{"name":"wp","href":"https:\/\/api.w.org\/{rel}","templated":true}]}}