{"id":85,"date":"2018-03-15T10:05:38","date_gmt":"2018-03-15T10:05:38","guid":{"rendered":"http:\/\/localhost\/company-project\/goto\/?page_id=85"},"modified":"2022-08-15T12:05:03","modified_gmt":"2022-08-15T12:05:03","slug":"about","status":"publish","type":"page","link":"https:\/\/www.maroccointour.com\/pt\/about\/","title":{"rendered":"Sobre"},"content":{"rendered":"<div data-elementor-type=\"wp-post\" data-elementor-id=\"85\" class=\"elementor elementor-85\" data-elementor-post-type=\"page\">\n\t\t\t\t\t\t<section class=\"elementor-section elementor-top-section elementor-element elementor-element-4efb6a6 elementor-section-boxed elementor-section-height-default elementor-section-height-default\" data-id=\"4efb6a6\" data-element_type=\"section\">\n\t\t\t\t\t\t<div class=\"elementor-container elementor-column-gap-default\">\n\t\t\t\t\t<div class=\"elementor-column elementor-col-100 elementor-top-column elementor-element elementor-element-1b70a1a\" data-id=\"1b70a1a\" data-element_type=\"column\">\n\t\t\t<div class=\"elementor-widget-wrap elementor-element-populated\">\n\t\t\t\t\t\t<div class=\"elementor-element elementor-element-550680e elementor-widget elementor-widget-spacer\" data-id=\"550680e\" data-element_type=\"widget\" data-widget_type=\"spacer.default\">\n\t\t\t\t<div class=\"elementor-widget-container\">\n\t\t\t\t\t\t\t<div class=\"elementor-spacer\">\n\t\t\t<div class=\"elementor-spacer-inner\"><\/div>\n\t\t<\/div>\n\t\t\t\t\t\t<\/div>\n\t\t\t\t<\/div>\n\t\t\t\t\t<\/div>\n\t\t<\/div>\n\t\t\t\t\t<\/div>\n\t\t<\/section>\n\t\t\t\t<section class=\"elementor-section elementor-top-section elementor-element elementor-element-efce95c elementor-section-boxed elementor-section-height-default elementor-section-height-default\" data-id=\"efce95c\" data-element_type=\"section\">\n\t\t\t\t\t\t<div class=\"elementor-container elementor-column-gap-default\">\n\t\t\t\t\t<div class=\"elementor-column elementor-col-100 elementor-top-column elementor-element elementor-element-e3d2e4c\" data-id=\"e3d2e4c\" data-element_type=\"column\">\n\t\t\t<div class=\"elementor-widget-wrap elementor-element-populated\">\n\t\t\t\t\t\t<div class=\"elementor-element elementor-element-3989127 elementor-widget elementor-widget-heading\" data-id=\"3989127\" data-element_type=\"widget\" data-widget_type=\"heading.default\">\n\t\t\t\t<div class=\"elementor-widget-container\">\n\t\t\t\t\t<h3 class=\"elementor-heading-title elementor-size-default\">Marrocos em turn\u00ea | ag\u00eancia de viagens em marrocos\n<\/h3>\t\t\t\t<\/div>\n\t\t\t\t<\/div>\n\t\t\t\t<div class=\"elementor-element elementor-element-5a477f5 elementor-widget elementor-widget-text-editor\" data-id=\"5a477f5\" data-element_type=\"widget\" data-widget_type=\"text-editor.default\">\n\t\t\t\t<div class=\"elementor-widget-container\">\n\t\t\t\t\t\t\t\t\t<p style=\"font-weight: 400;\"><b>Marrocos em turn\u00ea<\/b>\"\u00e9 o operador tur\u00edstico baseado em Marrakech, especializado em excurs\u00f5es ao deserto marroquino (partindo de Marrakech, Fes, Agadir, Rabat Casablanca e T\u00e2nger), \u00e0s cidades imperiais e \u00e0s antigas rotas que animam o Marrocos h\u00e1 s\u00e9culos, como a rota dos mil e um Kasbahs (antigos castelos que abrigam as fam\u00edlias locais).<\/p><p style=\"font-weight: 400;\">\u00a0<\/p><p style=\"font-weight: 400;\">Durante sua viagem, podemos organizar diversas atividades esportivas (escalada, trekking, caminhada e sand-boarding), excurs\u00f5es de meio dia e visitas guiadas a cidades de interesse hist\u00f3rico e cultural como Marrakech, Fes,Meknes,Rabat , Casablanca e a famosa cidade azul, Chefchaouen.\u00a0<\/p><p style=\"font-weight: 400;\">A j\u00f3ia da coroa \u00e9 a possibilidade de ficar no meio do Saara em barracas confort\u00e1veis, equipadas com todas as comodidades, que podem ser alcan\u00e7adas montando os majestosos dromed\u00e1rios, o s\u00edmbolo do deserto.\u00a0<\/p><p style=\"font-weight: 400;\">\u00a0<\/p><p style=\"font-weight: 400;\">Tamb\u00e9m podemos oferecer passeios particulares adaptados \u00e0s necessidades e gostos do cliente.<\/p><p style=\"font-weight: 400;\">Voc\u00ea ser\u00e1 acompanhado durante toda sua viagem por guias e motoristas marroquinos nativos; com suas d\u00e9cadas de experi\u00eancia e conhecimento profundo de v\u00e1rios idiomas (\u00e1rabe, berbere, italiano, ingl\u00eas, espanhol e franc\u00eas) eles o guiar\u00e3o atrav\u00e9s da cultura, tradi\u00e7\u00f5es locais, culin\u00e1ria, cidades e do majestoso Deserto do Saara.\u00a0<\/p><p style=\"font-weight: 400;\">\u00a0<\/p><p style=\"font-weight: 400;\">Como um terno feito sob medida, voc\u00ea pode personalizar sua viagem em todos os aspectos: o hor\u00e1rio, os lugares a visitar, a dura\u00e7\u00e3o das etapas e o ponto de partida e chegada; desta forma, voc\u00ea pode levar tanto tempo quanto quiser para absorver a cultura local.<\/p><p style=\"font-weight: 400;\">Al\u00e9m disso, voc\u00ea pode decidir quais categorias de hot\u00e9is e quais servi\u00e7os incluir no pacote.<\/p><p style=\"font-weight: 400;\">N\u00e3o hesite em nos contatar com todos os detalhes de seus desejos e solicita\u00e7\u00f5es, para que possamos escolher o melhor vestido para voc\u00ea.<\/p><p style=\"font-weight: 400;\">\u00a0<\/p><p style=\"font-weight: 400;\"><b>Mustapha El Amraoui<\/b>\u00a0\u00e9 descendente da popula\u00e7\u00e3o berbere origin\u00e1ria de Merzouga, a cidade na porta de entrada do deserto marroquino do Saara.<\/p><p style=\"font-weight: 400;\">Com sua paix\u00e3o, senso de humor e profundo conhecimento, ele mergulhar\u00e1 voc\u00ea no verdadeiro esp\u00edrito do Marrocos.<\/p><p style=\"font-weight: 400;\">Mustapha, tendo adquirido s\u00f3lida experi\u00eancia na organiza\u00e7\u00e3o de viagens para ag\u00eancias desde 2007, decidiu criar seu pr\u00f3prio neg\u00f3cio em 2012.\u00a0<\/p><p style=\"font-weight: 400;\">A paix\u00e3o de Mustapha, o conhecimento do turismo e as habilidades de comunica\u00e7\u00e3o s\u00e3o o segredo do sucesso da \"Marrocos In Tour\" em oferecer uma excelente experi\u00eancia a todos aqueles viajantes que querem descobrir a verdadeira ess\u00eancia do Marrocos.<\/p>\t\t\t\t\t\t\t\t<\/div>\n\t\t\t\t<\/div>\n\t\t\t\t\t<\/div>\n\t\t<\/div>\n\t\t\t\t\t<\/div>\n\t\t<\/section>\n\t\t\t\t<section class=\"elementor-section elementor-top-section elementor-element elementor-element-0af7efc elementor-section-boxed elementor-section-height-default elementor-section-height-default\" data-id=\"0af7efc\" data-element_type=\"section\">\n\t\t\t\t\t\t<div class=\"elementor-container elementor-column-gap-default\">\n\t\t\t\t\t<div class=\"elementor-column elementor-col-100 elementor-top-column elementor-element elementor-element-c769c39\" data-id=\"c769c39\" data-element_type=\"column\">\n\t\t\t<div class=\"elementor-widget-wrap elementor-element-populated\">\n\t\t\t\t\t\t<div class=\"elementor-element elementor-element-7dadcde elementor-widget elementor-widget-text-editor\" data-id=\"7dadcde\" data-element_type=\"widget\" data-widget_type=\"text-editor.default\">\n\t\t\t\t<div class=\"elementor-widget-container\">\n\t\t\t\t\t\t\t\t\t<h1><span class=\"il\">Marrocos<\/span>\u00a0em\u00a0<span class=\"il\">Tour<\/span> Atividade.<\/h1><ul><li style=\"font-weight: 400;\">caminhos m\u00e1gicos<\/li><li style=\"font-weight: 400;\">yoga no deserto<\/li><li style=\"font-weight: 400;\">\"Viagem de P\u00e1scoa\" ao Marrocos<\/li><li style=\"font-weight: 400;\">Excurs\u00f5es VIP no Marrocos<\/li><li style=\"font-weight: 400;\">Lua-de-mel no Marrocos<\/li><li style=\"font-weight: 400;\">Viagens de final de ano ao Marrocos<\/li><li style=\"font-weight: 400;\">organiza\u00e7\u00f5es de casamentos em palafitas berberes<\/li><li style=\"font-weight: 400;\">Excurs\u00f5es pelo deserto do Marrocos<\/li><li style=\"font-weight: 400;\">Excurs\u00e3o ao deserto do Marrocos<\/li><li style=\"font-weight: 400;\">Passeios pela Cidade Imperial<\/li><li style=\"font-weight: 400;\">Excurs\u00f5es\/dia Excurs\u00f5es no Marrocos<\/li><li style=\"font-weight: 400;\">Atividades Visita ao Deserto do Saara<\/li><li style=\"font-weight: 400;\">Excurs\u00f5es de Marraquexe<\/li><li style=\"font-weight: 400;\">Excurs\u00f5es de Fez<\/li><li style=\"font-weight: 400;\">Excurs\u00f5es de Casablanca<\/li><li style=\"font-weight: 400;\">Excurs\u00f5es da Agadir<\/li><li style=\"font-weight: 400;\">Excurs\u00f5es de T\u00e2nger<\/li><li style=\"font-weight: 400;\">Tour de Rabat .<\/li><\/ul>\t\t\t\t\t\t\t\t<\/div>\n\t\t\t\t<\/div>\n\t\t\t\t<div class=\"elementor-element elementor-element-ac62739 elementor--h-position-center elementor--v-position-middle elementor-arrows-position-inside elementor-pagination-position-inside elementor-widget elementor-widget-slides\" data-id=\"ac62739\" data-element_type=\"widget\" data-settings=\"{&quot;navigation&quot;:&quot;both&quot;,&quot;autoplay&quot;:&quot;yes&quot;,&quot;pause_on_hover&quot;:&quot;yes&quot;,&quot;pause_on_interaction&quot;:&quot;yes&quot;,&quot;autoplay_speed&quot;:5000,&quot;infinite&quot;:&quot;yes&quot;,&quot;transition&quot;:&quot;slide&quot;,&quot;transition_speed&quot;:500}\" data-widget_type=\"slides.default\">\n\t\t\t\t<div class=\"elementor-widget-container\">\n\t\t\t\t\t\t\t\t\t<div class=\"elementor-swiper\">\n\t\t\t\t\t<div class=\"elementor-slides-wrapper elementor-main-swiper swiper\" role=\"region\" aria-roledescription=\"carousel\" aria-label=\"Slides\" dir=\"ltr\" data-animation=\"fadeInRight\" data-no-translation-aria-label=\"\">\n\t\t\t\t<div class=\"swiper-wrapper elementor-slides\">\n\t\t\t\t\t\t\t\t\t\t<div class=\"elementor-repeater-item-8799720 swiper-slide\" role=\"group\" aria-roledescription=\"slide\"><div class=\"swiper-slide-bg\" role=\"img\" aria-label=\"tour in marocco\"><\/div><div class=\"swiper-slide-inner\" ><div class=\"swiper-slide-contents\"><\/div><\/div><\/div><div class=\"elementor-repeater-item-d392733 swiper-slide\" role=\"group\" aria-roledescription=\"slide\"><div class=\"swiper-slide-bg\" role=\"img\" aria-label=\"30\"><\/div><div class=\"swiper-slide-inner\" ><div class=\"swiper-slide-contents\"><\/div><\/div><\/div><div class=\"elementor-repeater-item-2e795aa swiper-slide\" role=\"group\" aria-roledescription=\"slide\"><div class=\"swiper-slide-bg\" role=\"img\" aria-label=\"tour in marocco\"><\/div><div class=\"swiper-slide-inner\" ><div class=\"swiper-slide-contents\"><\/div><\/div><\/div><div class=\"elementor-repeater-item-cc4e718 swiper-slide\" role=\"group\" aria-roledescription=\"slide\"><div class=\"swiper-slide-bg\" role=\"img\" aria-label=\"tour in marocco\"><\/div><div class=\"swiper-slide-inner\" ><div class=\"swiper-slide-contents\"><\/div><\/div><\/div><div class=\"elementor-repeater-item-d8d4364 swiper-slide\" role=\"group\" aria-roledescription=\"slide\"><div class=\"swiper-slide-bg\" role=\"img\" aria-label=\"tour in marocco\"><\/div><div class=\"swiper-slide-inner\" ><div class=\"swiper-slide-contents\"><\/div><\/div><\/div><div class=\"elementor-repeater-item-ebac58b swiper-slide\" role=\"group\" aria-roledescription=\"slide\"><div class=\"swiper-slide-bg\" role=\"img\" aria-label=\"tour in marocco\"><\/div><div class=\"swiper-slide-inner\" ><div class=\"swiper-slide-contents\"><\/div><\/div><\/div><div class=\"elementor-repeater-item-a2b0d0d swiper-slide\" role=\"group\" aria-roledescription=\"slide\"><div class=\"swiper-slide-bg\" role=\"img\" aria-label=\"tour in marocco\"><\/div><div class=\"swiper-slide-inner\" ><div class=\"swiper-slide-contents\"><\/div><\/div><\/div><div class=\"elementor-repeater-item-1218996 swiper-slide\" role=\"group\" aria-roledescription=\"slide\"><div class=\"swiper-slide-bg\" role=\"img\" aria-label=\"tour in marocco\"><\/div><div class=\"swiper-slide-inner\" ><div class=\"swiper-slide-contents\"><\/div><\/div><\/div><div class=\"elementor-repeater-item-51d4476 swiper-slide\" role=\"group\" aria-roledescription=\"slide\"><div class=\"swiper-slide-bg\" role=\"img\" aria-label=\"tour in marocco\"><\/div><div class=\"swiper-slide-inner\" ><div class=\"swiper-slide-contents\"><\/div><\/div><\/div><div class=\"elementor-repeater-item-5cb8325 swiper-slide\" role=\"group\" aria-roledescription=\"slide\"><div class=\"swiper-slide-bg\" role=\"img\" aria-label=\"tour in marocco\"><\/div><div class=\"swiper-slide-inner\" ><div class=\"swiper-slide-contents\"><\/div><\/div><\/div><div class=\"elementor-repeater-item-eda4430 swiper-slide\" role=\"group\" aria-roledescription=\"slide\"><div class=\"swiper-slide-bg\" role=\"img\" aria-label=\"tour in marocco\"><\/div><div class=\"swiper-slide-inner\" ><div class=\"swiper-slide-contents\"><\/div><\/div><\/div><div class=\"elementor-repeater-item-eca5d47 swiper-slide\" role=\"group\" aria-roledescription=\"slide\"><div class=\"swiper-slide-bg\" role=\"img\" aria-label=\"tour in marocco\"><\/div><div class=\"swiper-slide-inner\" ><div class=\"swiper-slide-contents\"><\/div><\/div><\/div><div class=\"elementor-repeater-item-ab2b15d swiper-slide\" role=\"group\" aria-roledescription=\"slide\"><div class=\"swiper-slide-bg\" role=\"img\" aria-label=\"tour in marocco\"><\/div><div class=\"swiper-slide-inner\" ><div class=\"swiper-slide-contents\"><\/div><\/div><\/div><div class=\"elementor-repeater-item-11bedaf swiper-slide\" role=\"group\" aria-roledescription=\"slide\"><div class=\"swiper-slide-bg\" role=\"img\" aria-label=\"tour in marocco\"><\/div><div class=\"swiper-slide-inner\" ><div class=\"swiper-slide-contents\"><\/div><\/div><\/div><div class=\"elementor-repeater-item-a56f3f3 swiper-slide\" role=\"group\" aria-roledescription=\"slide\"><div class=\"swiper-slide-bg\" role=\"img\" aria-label=\"tour in marocco\"><\/div><div class=\"swiper-slide-inner\" ><div class=\"swiper-slide-contents\"><\/div><\/div><\/div><div class=\"elementor-repeater-item-d31c46b swiper-slide\" role=\"group\" aria-roledescription=\"slide\"><div class=\"swiper-slide-bg\" role=\"img\" aria-label=\"tour in marocco\"><\/div><div class=\"swiper-slide-inner\" ><div class=\"swiper-slide-contents\"><\/div><\/div><\/div>\t\t\t\t<\/div>\n\t\t\t\t\t\t\t\t\t\t\t\t\t\t\t<div class=\"elementor-swiper-button elementor-swiper-button-prev\" role=\"button\" tabindex=\"0\" aria-label=\"Previous slide\" data-no-translation-aria-label=\"\">\n\t\t\t\t\t\t\t<i aria-hidden=\"true\" class=\"eicon-chevron-left\"><\/i>\t\t\t\t\t\t<\/div>\n\t\t\t\t\t\t<div class=\"elementor-swiper-button elementor-swiper-button-next\" role=\"button\" tabindex=\"0\" aria-label=\"Next slide\" data-no-translation-aria-label=\"\">\n\t\t\t\t\t\t\t<i aria-hidden=\"true\" class=\"eicon-chevron-right\"><\/i>\t\t\t\t\t\t<\/div>\n\t\t\t\t\t\t\t\t\t\t\t\t\t\t\t\t<div class=\"swiper-pagination\"><\/div>\n\t\t\t\t\t\t\t\t\t\t\t\t<\/div>\n\t\t\t\t<\/div>\n\t\t\t\t\t\t\t\t<\/div>\n\t\t\t\t<\/div>\n\t\t\t\t\t<\/div>\n\t\t<\/div>\n\t\t\t\t\t<\/div>\n\t\t<\/section>\n\t\t\t\t<section class=\"elementor-section elementor-top-section elementor-element elementor-element-5194b02 elementor-section-boxed elementor-section-height-default elementor-section-height-default\" data-id=\"5194b02\" data-element_type=\"section\">\n\t\t\t\t\t\t<div class=\"elementor-container elementor-column-gap-default\">\n\t\t\t\t\t<div class=\"elementor-column elementor-col-100 elementor-top-column elementor-element elementor-element-07bf6fd\" data-id=\"07bf6fd\" data-element_type=\"column\">\n\t\t\t<div class=\"elementor-widget-wrap\">\n\t\t\t\t\t\t\t<\/div>\n\t\t<\/div>\n\t\t\t\t\t<\/div>\n\t\t<\/section>\n\t\t\t\t<\/div>","protected":false},"excerpt":{"rendered":"<p>Marocco in tour | agenzia di viaggi in marocco Marocco\u00a0In\u00a0Tour\u201d \u00e8 il\u00a0tour\u00a0operator con base a Marrakech, specializzato in escursioni del deserto marocchino (con partenza da Marrakech, Fes,agadir,Rabat\u00a0 Casablanca e Tangeri), delle citt\u00e0 imperiali e delle antiche vie che da secoli animano il\u00a0Marocco, come la via delle mille-e-una Kasbah (antichi castelli dimora delle famiglie locali). \u00a0<\/p>","protected":false},"author":1,"featured_media":1998,"parent":0,"menu_order":0,"comment_status":"closed","ping_status":"closed","template":"","meta":{"footnotes":""},"class_list":["post-85","page","type-page","status-publish","has-post-thumbnail","hentry"],"_links":{"self":[{"href":"https:\/\/www.maroccointour.com\/pt\/wp-json\/wp\/v2\/pages\/85","targetHints":{"allow":["GET"]}}],"collection":[{"href":"https:\/\/www.maroccointour.com\/pt\/wp-json\/wp\/v2\/pages"}],"about":[{"href":"https:\/\/www.maroccointour.com\/pt\/wp-json\/wp\/v2\/types\/page"}],"author":[{"embeddable":true,"href":"https:\/\/www.maroccointour.com\/pt\/wp-json\/wp\/v2\/users\/1"}],"replies":[{"embeddable":true,"href":"https:\/\/www.maroccointour.com\/pt\/wp-json\/wp\/v2\/comments?post=85"}],"version-history":[{"count":80,"href":"https:\/\/www.maroccointour.com\/pt\/wp-json\/wp\/v2\/pages\/85\/revisions"}],"predecessor-version":[{"id":2409,"href":"https:\/\/www.maroccointour.com\/pt\/wp-json\/wp\/v2\/pages\/85\/revisions\/2409"}],"wp:featuredmedia":[{"embeddable":true,"href":"https:\/\/www.maroccointour.com\/pt\/wp-json\/wp\/v2\/media\/1998"}],"wp:attachment":[{"href":"https:\/\/www.maroccointour.com\/pt\/wp-json\/wp\/v2\/media?parent=85"}],"curies":[{"name":"wp","href":"https:\/\/api.w.org\/{rel}","templated":true}]}}